{"id":56,"date":"2023-07-22T20:35:02","date_gmt":"2023-07-22T18:35:02","guid":{"rendered":"http:\/\/easm2024.org\/?page_id=56"},"modified":"2024-01-04T09:51:02","modified_gmt":"2024-01-04T08:51:02","slug":"location","status":"publish","type":"page","link":"https:\/\/easm2024.org\/index.php\/the-conference\/location\/","title":{"rendered":"Location"},"content":{"rendered":"\n<h2 class=\"wp-block-heading\">Place<\/h2>\n\n\n\n<p>The conference will be organized in Conference center in Bienven\u00fce building at the university Gustave Eiffel.<\/p>\n\n\n\n<figure class=\"wp-block-image size-large\"><img loading=\"lazy\" decoding=\"async\" width=\"1024\" height=\"819\" src=\"http:\/\/easm2024.org\/wp-content\/uploads\/2024\/01\/Bienvenue_Myr_Muratet_1-1024x819.jpg\" alt=\"\" class=\"wp-image-211\" srcset=\"https:\/\/easm2024.org\/wp-content\/uploads\/2024\/01\/Bienvenue_Myr_Muratet_1-1024x819.jpg 1024w, https:\/\/easm2024.org\/wp-content\/uploads\/2024\/01\/Bienvenue_Myr_Muratet_1-300x240.jpg 300w, https:\/\/easm2024.org\/wp-content\/uploads\/2024\/01\/Bienvenue_Myr_Muratet_1-768x614.jpg 768w, https:\/\/easm2024.org\/wp-content\/uploads\/2024\/01\/Bienvenue_Myr_Muratet_1-1536x1229.jpg 1536w, https:\/\/easm2024.org\/wp-content\/uploads\/2024\/01\/Bienvenue_Myr_Muratet_1.jpg 1600w\" sizes=\"auto, (max-width: 1024px) 100vw, 1024px\" \/><\/figure>\n\n\n\n<h2 class=\"wp-block-heading\">Access<\/h2>\n\n\n\n<p>The university is located in Cit\u00e9 Descartes in Champs-sur-Marne, in the East side of Paris.<\/p>\n\n\n\n<iframe src=\"https:\/\/www.google.com\/maps\/embed?pb=!1m14!1m12!1m3!1d3144.436844254752!2d2.5856814400735866!3d48.8414018779218!2m3!1f0!2f0!3f0!3m2!1i1024!2i768!4f13.1!5e0!3m2!1sfr!2sfr!4v1690051234841!5m2!1sfr!2sfr\" width=\"600\" height=\"450\" style=\"border:0;\" allowfullscreen=\"\" loading=\"lazy\" referrerpolicy=\"no-referrer-when-downgrade\"><\/iframe>\n\n\n\n<p>The conference is hosted in Bienven\u00fce building in Cit\u00e9 Descartes where the university Gustave Eiffel is located. It is easy to access by public transport with RER A (stop Noisy-Champs). The same train line, is connected to TGV train station (Gare de Lyon and Marne-la-Vall\u00e9e-Disneyland) and to airports (Charle-de-Gaulle, Orly) with RER B connection at Chatelet-Les-Halles. <\/p>\n\n\n\n<p>It takes 15 minutes from the city center to Noisy-Champs stop and about one hour from the airports. Do not hesitate to use the official app <a href=\"https:\/\/www.ratp.fr\/en\/apps\/bonjour-ratp\" target=\"_blank\" rel=\"noreferrer noopener\">Bonjour RATP<\/a> to help you in Paris public transport.<\/p>\n\n\n\n<figure class=\"wp-block-image size-large\"><img loading=\"lazy\" decoding=\"async\" width=\"1024\" height=\"321\" src=\"http:\/\/easm2024.org\/wp-content\/uploads\/2023\/07\/RER-A-1024x321.jpg\" alt=\"\" class=\"wp-image-63\" srcset=\"https:\/\/easm2024.org\/wp-content\/uploads\/2023\/07\/RER-A-1024x321.jpg 1024w, https:\/\/easm2024.org\/wp-content\/uploads\/2023\/07\/RER-A-300x94.jpg 300w, https:\/\/easm2024.org\/wp-content\/uploads\/2023\/07\/RER-A-768x240.jpg 768w, https:\/\/easm2024.org\/wp-content\/uploads\/2023\/07\/RER-A-1536x481.jpg 1536w, https:\/\/easm2024.org\/wp-content\/uploads\/2023\/07\/RER-A.jpg 1936w\" sizes=\"auto, (max-width: 1024px) 100vw, 1024px\" \/><\/figure>\n\n\n\n<p>The entrance to the building has to be by the checkpoint located 12, boulevard Copernic, 77420 Champs-sur-Marne. Bienven\u00fce building is the one on your left with the green roof.<\/p>\n\n\n\n<figure class=\"wp-block-image size-large\"><img loading=\"lazy\" decoding=\"async\" width=\"1024\" height=\"341\" src=\"http:\/\/easm2024.org\/wp-content\/uploads\/2023\/07\/12_bd_copernic-1024x341.png\" alt=\"\" class=\"wp-image-66\" srcset=\"https:\/\/easm2024.org\/wp-content\/uploads\/2023\/07\/12_bd_copernic-1024x341.png 1024w, https:\/\/easm2024.org\/wp-content\/uploads\/2023\/07\/12_bd_copernic-300x100.png 300w, https:\/\/easm2024.org\/wp-content\/uploads\/2023\/07\/12_bd_copernic-768x256.png 768w, https:\/\/easm2024.org\/wp-content\/uploads\/2023\/07\/12_bd_copernic.png 1478w\" sizes=\"auto, (max-width: 1024px) 100vw, 1024px\" \/><\/figure>\n","protected":false},"excerpt":{"rendered":"<p>Place The conference will be organized in Conference center in Bienven\u00fce building at the university Gustave Eiffel. Access The university is located in Cit\u00e9 Descartes in Champs-sur-Marne, in the East side of Paris. The conference is hosted in Bienven\u00fce building in Cit\u00e9 Descartes where the university Gustave Eiffel is located. It is easy to access &hellip; <\/p>\n","protected":false},"author":1,"featured_media":0,"parent":2,"menu_order":0,"comment_status":"closed","ping_status":"closed","template":"","meta":{"footnotes":""},"class_list":["post-56","page","type-page","status-publish","hentry"],"_links":{"self":[{"href":"https:\/\/easm2024.org\/index.php\/wp-json\/wp\/v2\/pages\/56","targetHints":{"allow":["GET"]}}],"collection":[{"href":"https:\/\/easm2024.org\/index.php\/wp-json\/wp\/v2\/pages"}],"about":[{"href":"https:\/\/easm2024.org\/index.php\/wp-json\/wp\/v2\/types\/page"}],"author":[{"embeddable":true,"href":"https:\/\/easm2024.org\/index.php\/wp-json\/wp\/v2\/users\/1"}],"replies":[{"embeddable":true,"href":"https:\/\/easm2024.org\/index.php\/wp-json\/wp\/v2\/comments?post=56"}],"version-history":[{"count":8,"href":"https:\/\/easm2024.org\/index.php\/wp-json\/wp\/v2\/pages\/56\/revisions"}],"predecessor-version":[{"id":216,"href":"https:\/\/easm2024.org\/index.php\/wp-json\/wp\/v2\/pages\/56\/revisions\/216"}],"up":[{"embeddable":true,"href":"https:\/\/easm2024.org\/index.php\/wp-json\/wp\/v2\/pages\/2"}],"wp:attachment":[{"href":"https:\/\/easm2024.org\/index.php\/wp-json\/wp\/v2\/media?parent=56"}],"curies":[{"name":"wp","href":"https:\/\/api.w.org\/{rel}","templated":true}]}}